{"id":1642,"date":"2021-08-22T15:05:46","date_gmt":"2021-08-22T15:05:46","guid":{"rendered":"https:\/\/lemarelie.fr\/?page_id=1642"},"modified":"2025-11-14T05:38:11","modified_gmt":"2025-11-14T05:38:11","slug":"contact-us","status":"publish","type":"page","link":"https:\/\/lemarelie.fr\/fr\/contact-us\/","title":{"rendered":"Contactez-nous"},"content":{"rendered":"<div data-elementor-type=\"wp-page\" data-elementor-id=\"1642\" class=\"elementor elementor-1642\" data-elementor-settings=\"{&quot;ha_cmc_init_switcher&quot;:&quot;no&quot;}\">\n\t\t\t\t\t\t<section class=\"elementor-section elementor-top-section elementor-element elementor-element-99cd21a elementor-section-boxed elementor-section-height-default elementor-section-height-default\" data-id=\"99cd21a\" data-element_type=\"section\" data-e-type=\"section\" data-settings=\"{&quot;_ha_eqh_enable&quot;:false}\">\n\t\t\t\t\t\t<div class=\"elementor-container elementor-column-gap-default\">\n\t\t\t\t\t<div class=\"elementor-column elementor-col-50 elementor-top-column elementor-element elementor-element-79ef14f\" data-id=\"79ef14f\" data-element_type=\"column\" data-e-type=\"column\">\n\t\t\t<div class=\"elementor-widget-wrap elementor-element-populated\">\n\t\t\t\t\t\t<div class=\"elementor-element elementor-element-75e1de8 elementor-widget elementor-widget-kababi_elementor_heading\" data-id=\"75e1de8\" data-element_type=\"widget\" data-e-type=\"widget\" data-widget_type=\"kababi_elementor_heading.default\">\n\t\t\t\t<div class=\"elementor-widget-container\">\n\t\t\t\t\t\t\t<div class=\"ova-heading\">\n\n\t\t\t<h2 class=\"title title-capitalize\">\n\n\t\t\t\tContact us\n\t\t\t<\/h2>\n\n\t\t\t\t\t\t\n\t\t\t\t\t\t\t\t<p class=\"description\">Nous serions ravis d\u2019avoir de vos nouvelles ! Que vous souhaitiez r\u00e9server une table, organiser un \u00e9v\u00e9nement priv\u00e9 ou simplement en savoir plus sur notre menu, notre \u00e9quipe est l\u00e0 pour vous aider.<\/p>\n\t\t\t\t\t \t\n\t    <\/div>\n\t\t\t\t\t\t<\/div>\n\t\t\t\t<\/div>\n\t\t\t\t<div class=\"elementor-element elementor-element-2b0e7a9 elementor-widget elementor-widget-kababi_elementor_contact_info\" data-id=\"2b0e7a9\" data-element_type=\"widget\" data-e-type=\"widget\" data-widget_type=\"kababi_elementor_contact_info.default\">\n\t\t\t\t<div class=\"elementor-widget-container\">\n\t\t\t\t\t\t\t\t<div class=\"ova-contact-info\">\n\t\t\t\t\t\t\t\t\t<div class=\"icon\">\n\t\t\t\t\t\t<i class=\"ovaicon-pin\"><\/i>\n\t\t\t\t\t<\/div>\t\n\t\t\t\t\t\t\t\t<div class=\"contact\">\n\t\t\t\t\t\t\t\t\t\t\t<div class=\"label\">\n\t\t\t\t\t\t\tAdresse\t\t\t\t\t\t<\/div>\n\t\t\t\t\t\t\t\t\t\t<ul class=\"info\">\n\t\t\t\t\t\t\t\t\t\t\t\t\t\t<li class=\"item\">\n\t\t\t\t\t\t\t\t57 Bd des Brotteaux, 69006 Lyon, France\t\t\t\t\t\t\t\t<\/li>\n\t\t\t\t\t\t\t\t\t\t\t\t<\/ul>\n\t\t\t\t<\/div>\n\t\t\t<\/div>\n\t\t\t\t\t\t\t<\/div>\n\t\t\t\t<\/div>\n\t\t\t\t<div class=\"elementor-element elementor-element-08b664d elementor-widget elementor-widget-kababi_elementor_contact_info\" data-id=\"08b664d\" data-element_type=\"widget\" data-e-type=\"widget\" data-widget_type=\"kababi_elementor_contact_info.default\">\n\t\t\t\t<div class=\"elementor-widget-container\">\n\t\t\t\t\t\t\t\t<div class=\"ova-contact-info\">\n\t\t\t\t\t\t\t\t\t<div class=\"icon\">\n\t\t\t\t\t\t<i class=\"ovaicon-mail-1\"><\/i>\n\t\t\t\t\t<\/div>\t\n\t\t\t\t\t\t\t\t<div class=\"contact\">\n\t\t\t\t\t\t\t\t\t\t\t<div class=\"label\">\n\t\t\t\t\t\t\tAdresse e-mail\t\t\t\t\t\t<\/div>\n\t\t\t\t\t\t\t\t\t\t<ul class=\"info\">\n\t\t\t\t\t\t\t\t\t\t\t\t\t\t<li class=\"item\">\n\t\t\t\t\t\t\t\t\t\t\t\t\t\t\t\t\t\t\t<a href=\"mailto:ambbmimi@gmail.com\">\n\t\t\t\t\t\t\t\t\t\t\t\tambbmimi@gmail.com\t\t\t\t\t\t\t\t\t\t\t<\/a>\n\t\t\t\t\t\t\t\t\t\t\t\t\t\t\t\t\t\t<\/li>\n\t\t\t\t\t\t\t\t\t\t\t\t<\/ul>\n\t\t\t\t<\/div>\n\t\t\t<\/div>\n\t\t\t\t\t\t\t<\/div>\n\t\t\t\t<\/div>\n\t\t\t\t<div class=\"elementor-element elementor-element-f9ac2fd elementor-widget elementor-widget-kababi_elementor_contact_info\" data-id=\"f9ac2fd\" data-element_type=\"widget\" data-e-type=\"widget\" data-widget_type=\"kababi_elementor_contact_info.default\">\n\t\t\t\t<div class=\"elementor-widget-container\">\n\t\t\t\t\t\t\t\t<div class=\"ova-contact-info\">\n\t\t\t\t\t\t\t\t\t<div class=\"icon\">\n\t\t\t\t\t\t<i class=\"ovaicon-telephone\"><\/i>\n\t\t\t\t\t<\/div>\t\n\t\t\t\t\t\t\t\t<div class=\"contact\">\n\t\t\t\t\t\t\t\t\t\t\t<div class=\"label\">\n\t\t\t\t\t\t\tAppelez-nous\t\t\t\t\t\t<\/div>\n\t\t\t\t\t\t\t\t\t\t<ul class=\"info\">\n\t\t\t\t\t\t\t\t\t\t\t\t\t\t<li class=\"item\">\n\t\t\t\t\t\t\t\t\t\t\t\t\t\t\t\t\t\t\t<a href=\"tel: +33 4 78 41 70 08\">\n\t\t\t\t\t\t\t\t\t\t\t\t +33 4 78 41 70 08\t\t\t\t\t\t\t\t\t\t\t<\/a>\n\t\t\t\t\t\t\t\t\t\t\t\t\t\t\t\t\t\t<\/li>\n\t\t\t\t\t\t\t\t\t\t\t\t<\/ul>\n\t\t\t\t<\/div>\n\t\t\t<\/div>\n\t\t\t\t\t\t\t<\/div>\n\t\t\t\t<\/div>\n\t\t\t\t\t<\/div>\n\t\t<\/div>\n\t\t\t\t<div class=\"elementor-column elementor-col-50 elementor-top-column elementor-element elementor-element-14f32e3\" data-id=\"14f32e3\" data-element_type=\"column\" data-e-type=\"column\" data-settings=\"{&quot;background_background&quot;:&quot;classic&quot;}\">\n\t\t\t<div class=\"elementor-widget-wrap elementor-element-populated\">\n\t\t\t\t\t\t<div class=\"elementor-element elementor-element-e320990 elementor-widget elementor-widget-kababi_elementor_heading\" data-id=\"e320990\" data-element_type=\"widget\" data-e-type=\"widget\" data-widget_type=\"kababi_elementor_heading.default\">\n\t\t\t\t<div class=\"elementor-widget-container\">\n\t\t\t\t\t\t\t<div class=\"ova-heading\">\n\n\t\t\t<h2 class=\"title title-capitalize\">\n\n\t\t\t\tLaissez un message\n\t\t\t<\/h2>\n\n\t\t\t\t\t\t\n\t\t\t\t\t\t\t\t<p class=\"description\">Nous sommes pr\u00eats \u00e0 vous aider<\/p>\n\t\t\t\t\t \t\n\t    <\/div>\n\t\t\t\t\t\t<\/div>\n\t\t\t\t<\/div>\n\t\t\t\t<div class=\"elementor-element elementor-element-d3290c4 elementor-widget elementor-widget-shortcode\" data-id=\"d3290c4\" data-element_type=\"widget\" data-e-type=\"widget\" data-widget_type=\"shortcode.default\">\n\t\t\t\t\t\t\t<div class=\"elementor-shortcode\">\n<div class=\"wpcf7 no-js\" id=\"wpcf7-f1648-o1\" lang=\"en-US\" dir=\"ltr\" data-wpcf7-id=\"1648\">\n<div class=\"screen-reader-response\"><p role=\"status\" aria-live=\"polite\" aria-atomic=\"true\"><\/p> <ul><\/ul><\/div>\n<form action=\"\/fr\/wp-json\/wp\/v2\/pages\/1642#wpcf7-f1648-o1\" method=\"post\" class=\"wpcf7-form init\" aria-label=\"Contact form\" novalidate=\"novalidate\" data-status=\"init\" data-trp-original-action=\"\/fr\/wp-json\/wp\/v2\/pages\/1642#wpcf7-f1648-o1\">\n<fieldset class=\"hidden-fields-container\"><input type=\"hidden\" name=\"_wpcf7\" value=\"1648\" \/><input type=\"hidden\" name=\"_wpcf7_version\" value=\"6.1.5\" \/><input type=\"hidden\" name=\"_wpcf7_locale\" value=\"en_US\" \/><input type=\"hidden\" name=\"_wpcf7_unit_tag\" value=\"wpcf7-f1648-o1\" \/><input type=\"hidden\" name=\"_wpcf7_container_post\" value=\"0\" \/><input type=\"hidden\" name=\"_wpcf7_posted_data_hash\" value=\"\" \/>\n<\/fieldset>\n<div class=\"ova-ctfrom7\">\n\t<div class=\"form-contact-us\">\n\t\t<div class=\"name-info ova_wrap_input\">\n\t\t\t<p><span class=\"wpcf7-form-control-wrap\" data-name=\"fullname\"><input size=\"40\" maxlength=\"400\" class=\"wpcf7-form-control wpcf7-text wpcf7-validates-as-required\" aria-required=\"true\" aria-invalid=\"false\" placeholder=\"Nom complet\" value=\"\" type=\"text\" name=\"fullname\" \/><\/span>\n\t\t\t<\/p>\n\t\t<\/div>\n\t\t<div class=\"email ova_wrap_input\">\n\t\t\t<p><span class=\"wpcf7-form-control-wrap\" data-name=\"your-email\"><input size=\"40\" maxlength=\"400\" class=\"wpcf7-form-control wpcf7-email wpcf7-validates-as-required wpcf7-text wpcf7-validates-as-email\" aria-required=\"true\" aria-invalid=\"false\" placeholder=\"Adresse e-mail\" value=\"\" type=\"email\" name=\"your-email\" \/><\/span>\n\t\t\t<\/p>\n\t\t<\/div>\n\t\t<div class=\"message ova_wrap_input\">\n\t\t\t<p><span class=\"wpcf7-form-control-wrap\" data-name=\"write-message\"><textarea cols=\"40\" rows=\"10\" maxlength=\"2000\" class=\"wpcf7-form-control wpcf7-textarea wpcf7-validates-as-required\" aria-required=\"true\" aria-invalid=\"false\" placeholder=\"\u00c9crire un message\" name=\"write-message\"><\/textarea><\/span>\n\t\t\t<\/p>\n\t\t<\/div>\n\t\t<div class=\"ova-submit\">\n\t\t\t<p><input class=\"wpcf7-form-control wpcf7-submit has-spinner\" type=\"submit\" value=\"Envoyer le message\" \/>\n\t\t\t<\/p>\n\t\t<\/div>\n\t<\/div>\n<\/div><div class=\"wpcf7-response-output\" aria-hidden=\"true\"><\/div>\n<input type=\"hidden\" name=\"trp-form-language\" value=\"fr\"\/><\/form>\n<\/div>\n<\/div>\n\t\t\t\t\t\t<\/div>\n\t\t\t\t\t<\/div>\n\t\t<\/div>\n\t\t\t\t\t<\/div>\n\t\t<\/section>\n\t\t<div class=\"elementor-element elementor-element-2fedc98 e-flex e-con-boxed e-con e-parent\" data-id=\"2fedc98\" data-element_type=\"container\" data-e-type=\"container\" data-settings=\"{&quot;_ha_eqh_enable&quot;:false}\">\n\t\t\t\t\t<div class=\"e-con-inner\">\n\t\t\t\t<div class=\"elementor-element elementor-element-a53785f elementor-widget elementor-widget-heading\" data-id=\"a53785f\" data-element_type=\"widget\" data-e-type=\"widget\" data-widget_type=\"heading.default\">\n\t\t\t\t\t<h2 class=\"elementor-heading-title elementor-size-default\">Nous sommes disponibles sur<\/h2>\t\t\t\t<\/div>\n\t\t\t\t\t<\/div>\n\t\t\t\t<\/div>\n\t\t<div class=\"elementor-element elementor-element-01af64a e-flex e-con-boxed e-con e-parent\" data-id=\"01af64a\" data-element_type=\"container\" data-e-type=\"container\" data-settings=\"{&quot;_ha_eqh_enable&quot;:false}\">\n\t\t\t\t\t<div class=\"e-con-inner\">\n\t\t<div class=\"elementor-element elementor-element-df94225 e-con-full e-flex e-con e-child\" data-id=\"df94225\" data-element_type=\"container\" data-e-type=\"container\" data-settings=\"{&quot;_ha_eqh_enable&quot;:false}\">\n\t\t\t\t<div class=\"elementor-element elementor-element-18096f8 elementor-widget elementor-widget-image\" data-id=\"18096f8\" data-element_type=\"widget\" data-e-type=\"widget\" data-widget_type=\"image.default\">\n\t\t\t\t\t\t\t\t\t\t\t\t\t\t\t\t<a href=\"https:\/\/www.thefork.com\/restaurant\/le-marelie-brotteaux-r428093\">\n\t\t\t\t\t\t\t<img fetchpriority=\"high\" decoding=\"async\" width=\"298\" height=\"169\" src=\"https:\/\/lemarelie.fr\/wp-content\/uploads\/2025\/10\/images.png\" class=\"attachment-large size-large wp-image-6486\" alt=\"\" srcset=\"https:\/\/lemarelie.fr\/wp-content\/uploads\/2025\/10\/images.png 298w, https:\/\/lemarelie.fr\/wp-content\/uploads\/2025\/10\/images-18x10.png 18w\" sizes=\"(max-width: 298px) 100vw, 298px\" \/>\t\t\t\t\t\t\t\t<\/a>\n\t\t\t\t\t\t\t\t\t\t\t\t\t\t\t<\/div>\n\t\t\t\t<\/div>\n\t\t<div class=\"elementor-element elementor-element-61ce634 e-con-full e-flex e-con e-child\" data-id=\"61ce634\" data-element_type=\"container\" data-e-type=\"container\" data-settings=\"{&quot;_ha_eqh_enable&quot;:false}\">\n\t\t\t\t<div class=\"elementor-element elementor-element-b570b99 elementor-widget elementor-widget-image\" data-id=\"b570b99\" data-element_type=\"widget\" data-e-type=\"widget\" data-widget_type=\"image.default\">\n\t\t\t\t\t\t\t\t\t\t\t\t\t\t\t\t<a href=\"https:\/\/www.tripadvisor.in\/Restaurant_Review-g187265-d15335990-Reviews-Le_Marelie_Brotteaux-Lyon_Rhone_Auvergne_Rhone_Alpes.html\">\n\t\t\t\t\t\t\t<img decoding=\"async\" width=\"150\" height=\"150\" src=\"https:\/\/lemarelie.fr\/wp-content\/uploads\/2025\/10\/images__1_-removebg-preview-e1761394767852-150x150.png\" class=\"attachment-thumbnail size-thumbnail wp-image-6490\" alt=\"\" \/>\t\t\t\t\t\t\t\t<\/a>\n\t\t\t\t\t\t\t\t\t\t\t\t\t\t\t<\/div>\n\t\t\t\t<\/div>\n\t\t<div class=\"elementor-element elementor-element-9f214a9 e-con-full e-flex e-con e-child\" data-id=\"9f214a9\" data-element_type=\"container\" data-e-type=\"container\" data-settings=\"{&quot;_ha_eqh_enable&quot;:false}\">\n\t\t\t\t<div class=\"elementor-element elementor-element-67bb3c9 elementor-widget elementor-widget-image\" data-id=\"67bb3c9\" data-element_type=\"widget\" data-e-type=\"widget\" data-widget_type=\"image.default\">\n\t\t\t\t\t\t\t\t\t\t\t\t\t\t\t\t<a href=\"https:\/\/www.ubereats.com\/fr\/store\/le-marelie\/SC6-vAaKTrGlpHQ7pAP7mA?srsltid=AfmBOopGnAswRP_I5ToWCUG83xtXWEhGT_FgQ4XYrO72y4J7rrE8fXTs\">\n\t\t\t\t\t\t\t<img decoding=\"async\" width=\"300\" height=\"169\" src=\"https:\/\/lemarelie.fr\/wp-content\/uploads\/2025\/10\/Uber-Eats-Logo-2020-present-removebg-preview-300x169.png\" class=\"attachment-medium size-medium wp-image-6493\" alt=\"\" srcset=\"https:\/\/lemarelie.fr\/wp-content\/uploads\/2025\/10\/Uber-Eats-Logo-2020-present-removebg-preview-300x169.png 300w, https:\/\/lemarelie.fr\/wp-content\/uploads\/2025\/10\/Uber-Eats-Logo-2020-present-removebg-preview-18x10.png 18w, https:\/\/lemarelie.fr\/wp-content\/uploads\/2025\/10\/Uber-Eats-Logo-2020-present-removebg-preview.png 666w\" sizes=\"(max-width: 300px) 100vw, 300px\" \/>\t\t\t\t\t\t\t\t<\/a>\n\t\t\t\t\t\t\t\t\t\t\t\t\t\t\t<\/div>\n\t\t\t\t<\/div>\n\t\t<div class=\"elementor-element elementor-element-4835db6 e-con-full e-flex e-con e-child\" data-id=\"4835db6\" data-element_type=\"container\" data-e-type=\"container\" data-settings=\"{&quot;_ha_eqh_enable&quot;:false}\">\n\t\t\t\t<div class=\"elementor-element elementor-element-a07a4b1 elementor-widget elementor-widget-image\" data-id=\"a07a4b1\" data-element_type=\"widget\" data-e-type=\"widget\" data-widget_type=\"image.default\">\n\t\t\t\t\t\t\t\t\t\t\t\t\t\t\t\t<a href=\"https:\/\/deliveroo.fr\/en\/menu\/lyon\/lyon-part-dieu\/le-marelie\">\n\t\t\t\t\t\t\t<img loading=\"lazy\" decoding=\"async\" width=\"768\" height=\"375\" src=\"https:\/\/lemarelie.fr\/wp-content\/uploads\/2025\/10\/Deliveroo-logo-768x375.png\" class=\"attachment-medium_large size-medium_large wp-image-6537\" alt=\"Deliveroo-logo\" srcset=\"https:\/\/lemarelie.fr\/wp-content\/uploads\/2025\/10\/Deliveroo-logo-768x375.png 768w, https:\/\/lemarelie.fr\/wp-content\/uploads\/2025\/10\/Deliveroo-logo-300x146.png 300w, https:\/\/lemarelie.fr\/wp-content\/uploads\/2025\/10\/Deliveroo-logo-1024x500.png 1024w, https:\/\/lemarelie.fr\/wp-content\/uploads\/2025\/10\/Deliveroo-logo-1536x750.png 1536w, https:\/\/lemarelie.fr\/wp-content\/uploads\/2025\/10\/Deliveroo-logo-2048x1000.png 2048w, https:\/\/lemarelie.fr\/wp-content\/uploads\/2025\/10\/Deliveroo-logo-18x9.png 18w\" sizes=\"(max-width: 768px) 100vw, 768px\" \/>\t\t\t\t\t\t\t\t<\/a>\n\t\t\t\t\t\t\t\t\t\t\t\t\t\t\t<\/div>\n\t\t\t\t<\/div>\n\t\t\t\t\t<\/div>\n\t\t\t\t<\/div>\n\t\t\t\t<section class=\"elementor-section elementor-top-section elementor-element elementor-element-007ea7d elementor-section-boxed elementor-section-height-default elementor-section-height-default\" data-id=\"007ea7d\" data-element_type=\"section\" data-e-type=\"section\" data-settings=\"{&quot;_ha_eqh_enable&quot;:false}\">\n\t\t\t\t\t\t<div class=\"elementor-container elementor-column-gap-default\">\n\t\t\t\t\t<div class=\"elementor-column elementor-col-100 elementor-top-column elementor-element elementor-element-90dc56a\" data-id=\"90dc56a\" data-element_type=\"column\" data-e-type=\"column\">\n\t\t\t<div class=\"elementor-widget-wrap elementor-element-populated\">\n\t\t\t\t\t\t<div class=\"elementor-element elementor-element-b5478a4 elementor-widget elementor-widget-google_maps\" data-id=\"b5478a4\" data-element_type=\"widget\" data-e-type=\"widget\" data-widget_type=\"google_maps.default\">\n\t\t\t\t\t\t\t<div class=\"elementor-custom-embed\">\n\t\t\t<iframe loading=\"lazy\"\n\t\t\t\t\tsrc=\"https:\/\/maps.google.com\/maps?q=57%20Bd%20des%20Brotteaux%2C%2069006%20Lyon%2C%20France&#038;t=m&#038;z=17&#038;output=embed&#038;iwloc=near\"\n\t\t\t\t\ttitle=\"57 Bd des Brotteaux, 69006 Lyon, France\"\n\t\t\t\t\taria-label=\"57 Bd des Brotteaux, 69006 Lyon, France\"\n\t\t\t><\/iframe>\n\t\t<\/div>\n\t\t\t\t\t\t<\/div>\n\t\t\t\t\t<\/div>\n\t\t<\/div>\n\t\t\t\t\t<\/div>\n\t\t<\/section>\n\t\t\t\t<\/div>","protected":false},"excerpt":{"rendered":"<p>Contact us We\u2019d love to hear from you! Whether you\u2019d like to reserve a table, plan a private event, or simply learn more about our menu, our team is here to help. Location 57 Bd des Brotteaux, 69006 Lyon, France Email Address ambbmimi@gmail.com Call Us +33 4 78 41 70 08 Leave a Message We&#039;re [&hellip;]<\/p>\n","protected":false},"author":1,"featured_media":0,"parent":0,"menu_order":0,"comment_status":"closed","ping_status":"closed","template":"elementor_header_footer","meta":{"footnotes":""},"class_list":["post-1642","page","type-page","status-publish","hentry"],"aioseo_notices":[],"_links":{"self":[{"href":"https:\/\/lemarelie.fr\/fr\/wp-json\/wp\/v2\/pages\/1642","targetHints":{"allow":["GET"]}}],"collection":[{"href":"https:\/\/lemarelie.fr\/fr\/wp-json\/wp\/v2\/pages"}],"about":[{"href":"https:\/\/lemarelie.fr\/fr\/wp-json\/wp\/v2\/types\/page"}],"author":[{"embeddable":true,"href":"https:\/\/lemarelie.fr\/fr\/wp-json\/wp\/v2\/users\/1"}],"replies":[{"embeddable":true,"href":"https:\/\/lemarelie.fr\/fr\/wp-json\/wp\/v2\/comments?post=1642"}],"version-history":[{"count":22,"href":"https:\/\/lemarelie.fr\/fr\/wp-json\/wp\/v2\/pages\/1642\/revisions"}],"predecessor-version":[{"id":6800,"href":"https:\/\/lemarelie.fr\/fr\/wp-json\/wp\/v2\/pages\/1642\/revisions\/6800"}],"wp:attachment":[{"href":"https:\/\/lemarelie.fr\/fr\/wp-json\/wp\/v2\/media?parent=1642"}],"curies":[{"name":"wp","href":"https:\/\/api.w.org\/{rel}","templated":true}]}}